{"id":628,"date":"2026-01-11T11:43:24","date_gmt":"2026-01-11T09:43:24","guid":{"rendered":"https:\/\/stelatoderascu.com\/contact\/"},"modified":"2026-02-06T08:15:54","modified_gmt":"2026-02-06T06:15:54","slug":"contact","status":"publish","type":"page","link":"https:\/\/stelatoderascu.com\/en\/contact\/","title":{"rendered":"Contact Me"},"content":{"rendered":"<div data-elementor-type=\"wp-page\" data-elementor-id=\"628\" class=\"elementor elementor-628\">\n\t\t\t\t<div class=\"elementor-element elementor-element-8cdb678 animated-fast e-flex e-con-boxed e-con e-parent\" data-id=\"8cdb678\" data-element_type=\"container\" data-e-type=\"container\" data-settings=\"{&quot;animation&quot;:&quot;none&quot;,&quot;background_background&quot;:&quot;classic&quot;}\">\n\t\t\t\t\t<div class=\"e-con-inner\">\n\t\t<div class=\"elementor-element elementor-element-b45d079 e-con-full e-flex e-con e-child\" data-id=\"b45d079\" data-element_type=\"container\" data-e-type=\"container\">\n\t\t\t\t<div class=\"elementor-element elementor-element-a065a1f elementor-widget__width-initial elementor-widget-mobile__width-inherit elementor-widget elementor-widget-heading\" data-id=\"a065a1f\" data-element_type=\"widget\" data-e-type=\"widget\" data-widget_type=\"heading.default\">\n\t\t\t\t\t<h1 class=\"elementor-heading-title elementor-size-default\">Contact Me<\/h1>\t\t\t\t<\/div>\n\t\t\t\t<\/div>\n\t\t\t\t\t<\/div>\n\t\t\t\t<\/div>\n\t\t<div class=\"elementor-element elementor-element-b621043 animated-fast e-flex e-con-boxed e-con e-parent\" data-id=\"b621043\" data-element_type=\"container\" data-e-type=\"container\" data-settings=\"{&quot;animation&quot;:&quot;none&quot;,&quot;background_background&quot;:&quot;classic&quot;}\">\n\t\t\t\t\t<div class=\"e-con-inner\">\n\t\t<div class=\"elementor-element elementor-element-90c8fa4 e-con-full e-flex e-con e-child\" data-id=\"90c8fa4\" data-element_type=\"container\" data-e-type=\"container\">\n\t\t<div class=\"elementor-element elementor-element-1858fc7 e-con-full e-flex e-con e-child\" data-id=\"1858fc7\" data-element_type=\"container\" data-e-type=\"container\">\n\t\t<div class=\"elementor-element elementor-element-dc8b2aa animated-slow e-con-full e-flex e-con e-child\" data-id=\"dc8b2aa\" data-element_type=\"container\" data-e-type=\"container\" data-settings=\"{&quot;animation&quot;:&quot;none&quot;,&quot;animation_delay&quot;:2000}\">\n\t\t\t\t<div class=\"elementor-element elementor-element-1a76dcb elementor-widget elementor-widget-heading\" data-id=\"1a76dcb\" data-element_type=\"widget\" data-e-type=\"widget\" data-widget_type=\"heading.default\">\n\t\t\t\t\t<p class=\"elementor-heading-title elementor-size-default\">Hai s\u0103 vorbim<\/p>\t\t\t\t<\/div>\n\t\t\t\t<div class=\"elementor-element elementor-element-ec45ade elementor-widget elementor-widget-text-editor\" data-id=\"ec45ade\" data-element_type=\"widget\" data-e-type=\"widget\" data-widget_type=\"text-editor.default\">\n\t\t\t\t\t\t\t\t\t<p>Whether you have questions about my coaching services, would like to schedule a consultation, or simply want to get in touch, I am here to help.<\/p>\t\t\t\t\t\t\t\t<\/div>\n\t\t<div class=\"elementor-element elementor-element-feb22d2 e-con-full e-flex e-con e-child\" data-id=\"feb22d2\" data-element_type=\"container\" data-e-type=\"container\">\n\t\t\t\t<div class=\"elementor-element elementor-element-e87a4a6 elementor-widget elementor-widget-heading\" data-id=\"e87a4a6\" data-element_type=\"widget\" data-e-type=\"widget\" data-widget_type=\"heading.default\">\n\t\t\t\t\t<h4 class=\"elementor-heading-title elementor-size-default\">Email<\/h4>\t\t\t\t<\/div>\n\t\t\t\t<div class=\"elementor-element elementor-element-ae925b7 elementor-widget elementor-widget-text-editor\" data-id=\"ae925b7\" data-element_type=\"widget\" data-e-type=\"widget\" data-widget_type=\"text-editor.default\">\n\t\t\t\t\t\t\t\t\t<p><a href=\"mailto:coach@stelatoderascu.com\">coach@stelatoderascu.com<\/a><\/p>\t\t\t\t\t\t\t\t<\/div>\n\t\t\t\t<\/div>\n\t\t<div class=\"elementor-element elementor-element-d950273 e-con-full e-flex e-con e-child\" data-id=\"d950273\" data-element_type=\"container\" data-e-type=\"container\">\n\t\t\t\t<div class=\"elementor-element elementor-element-d538874 elementor-widget elementor-widget-heading\" data-id=\"d538874\" data-element_type=\"widget\" data-e-type=\"widget\" data-widget_type=\"heading.default\">\n\t\t\t\t\t<h4 class=\"elementor-heading-title elementor-size-default\">Phone<\/h4>\t\t\t\t<\/div>\n\t\t\t\t<div class=\"elementor-element elementor-element-e698bdd elementor-widget elementor-widget-text-editor\" data-id=\"e698bdd\" data-element_type=\"widget\" data-e-type=\"widget\" data-widget_type=\"text-editor.default\">\n\t\t\t\t\t\t\t\t\t<p><a href=\"tel:+40755996164\">+40755996164<\/a><\/p>\t\t\t\t\t\t\t\t<\/div>\n\t\t\t\t<\/div>\n\t\t<div class=\"elementor-element elementor-element-3d5feda e-con-full e-flex e-con e-child\" data-id=\"3d5feda\" data-element_type=\"container\" data-e-type=\"container\">\n\t\t\t\t<div class=\"elementor-element elementor-element-64d3c98 elementor-widget elementor-widget-heading\" data-id=\"64d3c98\" data-element_type=\"widget\" data-e-type=\"widget\" data-widget_type=\"heading.default\">\n\t\t\t\t\t<h4 class=\"elementor-heading-title elementor-size-default\">Follow me<\/h4>\t\t\t\t<\/div>\n\t\t\t\t<div class=\"elementor-element elementor-element-a019c7f elementor-icon-list--layout-inline elementor-list-item-link-full_width elementor-widget elementor-widget-icon-list\" data-id=\"a019c7f\" data-element_type=\"widget\" data-e-type=\"widget\" data-widget_type=\"icon-list.default\">\n\t\t\t\t\t\t\t<ul class=\"elementor-icon-list-items elementor-inline-items\">\n\t\t\t\t\t\t\t<li class=\"elementor-icon-list-item elementor-inline-item\">\n\t\t\t\t\t\t\t\t\t\t\t<a href=\"https:\/\/www.linkedin.com\/in\/stela-toderascu-3571a117\/?originalSubdomain=ro\">\n\n\t\t\t\t\t\t\t\t\t\t\t\t<span class=\"elementor-icon-list-icon\">\n\t\t\t\t\t\t\t<svg aria-hidden=\"true\" class=\"e-font-icon-svg e-fab-linkedin\" viewbox=\"0 0 448 512\" xmlns=\"http:\/\/www.w3.org\/2000\/svg\"><path d=\"M416 32H31.9C14.3 32 0 46.5 0 64.3v383.4C0 465.5 14.3 480 31.9 480H416c17.6 0 32-14.5 32-32.3V64.3c0-17.8-14.4-32.3-32-32.3zM135.4 416H69V202.2h66.5V416zm-33.2-243c-21.3 0-38.5-17.3-38.5-38.5S80.9 96 102.2 96c21.2 0 38.5 17.3 38.5 38.5 0 21.3-17.2 38.5-38.5 38.5zm282.1 243h-66.4V312c0-24.8-.5-56.7-34.5-56.7-34.6 0-39.9 27-39.9 54.9V416h-66.4V202.2h63.7v29.2h.9c8.9-16.8 30.6-34.5 62.9-34.5 67.2 0 79.7 44.3 79.7 101.9V416z\"><\/path><\/svg>\t\t\t\t\t\t<\/span>\n\t\t\t\t\t\t\t\t\t\t<span class=\"elementor-icon-list-text\"><\/span>\n\t\t\t\t\t\t\t\t\t\t\t<\/a>\n\t\t\t\t\t\t\t\t\t<\/li>\n\t\t\t\t\t\t\t\t<li class=\"elementor-icon-list-item elementor-inline-item\">\n\t\t\t\t\t\t\t\t\t\t\t<a href=\"https:\/\/www.facebook.com\/stela.toderascu\">\n\n\t\t\t\t\t\t\t\t\t\t\t\t<span class=\"elementor-icon-list-icon\">\n\t\t\t\t\t\t\t<svg aria-hidden=\"true\" class=\"e-font-icon-svg e-fab-facebook\" viewbox=\"0 0 512 512\" xmlns=\"http:\/\/www.w3.org\/2000\/svg\"><path d=\"M504 256C504 119 393 8 256 8S8 119 8 256c0 123.78 90.69 226.38 209.25 245V327.69h-63V256h63v-54.64c0-62.15 37-96.48 93.67-96.48 27.14 0 55.52 4.84 55.52 4.84v61h-31.28c-30.8 0-40.41 19.12-40.41 38.73V256h68.78l-11 71.69h-57.78V501C413.31 482.38 504 379.78 504 256z\"><\/path><\/svg>\t\t\t\t\t\t<\/span>\n\t\t\t\t\t\t\t\t\t\t<span class=\"elementor-icon-list-text\"><\/span>\n\t\t\t\t\t\t\t\t\t\t\t<\/a>\n\t\t\t\t\t\t\t\t\t<\/li>\n\t\t\t\t\t\t\t\t<li class=\"elementor-icon-list-item elementor-inline-item\">\n\t\t\t\t\t\t\t\t\t\t\t<a href=\"https:\/\/www.instagram.com\/stela_toderascu\/\">\n\n\t\t\t\t\t\t\t\t\t\t\t\t<span class=\"elementor-icon-list-icon\">\n\t\t\t\t\t\t\t<svg aria-hidden=\"true\" class=\"e-font-icon-svg e-fab-instagram\" viewbox=\"0 0 448 512\" xmlns=\"http:\/\/www.w3.org\/2000\/svg\"><path d=\"M224.1 141c-63.6 0-114.9 51.3-114.9 114.9s51.3 114.9 114.9 114.9S339 319.5 339 255.9 287.7 141 224.1 141zm0 189.6c-41.1 0-74.7-33.5-74.7-74.7s33.5-74.7 74.7-74.7 74.7 33.5 74.7 74.7-33.6 74.7-74.7 74.7zm146.4-194.3c0 14.9-12 26.8-26.8 26.8-14.9 0-26.8-12-26.8-26.8s12-26.8 26.8-26.8 26.8 12 26.8 26.8zm76.1 27.2c-1.7-35.9-9.9-67.7-36.2-93.9-26.2-26.2-58-34.4-93.9-36.2-37-2.1-147.9-2.1-184.9 0-35.8 1.7-67.6 9.9-93.9 36.1s-34.4 58-36.2 93.9c-2.1 37-2.1 147.9 0 184.9 1.7 35.9 9.9 67.7 36.2 93.9s58 34.4 93.9 36.2c37 2.1 147.9 2.1 184.9 0 35.9-1.7 67.7-9.9 93.9-36.2 26.2-26.2 34.4-58 36.2-93.9 2.1-37 2.1-147.8 0-184.8zM398.8 388c-7.8 19.6-22.9 34.7-42.6 42.6-29.5 11.7-99.5 9-132.1 9s-102.7 2.6-132.1-9c-19.6-7.8-34.7-22.9-42.6-42.6-11.7-29.5-9-99.5-9-132.1s-2.6-102.7 9-132.1c7.8-19.6 22.9-34.7 42.6-42.6 29.5-11.7 99.5-9 132.1-9s102.7-2.6 132.1 9c19.6 7.8 34.7 22.9 42.6 42.6 11.7 29.5 9 99.5 9 132.1s2.7 102.7-9 132.1z\"><\/path><\/svg>\t\t\t\t\t\t<\/span>\n\t\t\t\t\t\t\t\t\t\t<span class=\"elementor-icon-list-text\"><\/span>\n\t\t\t\t\t\t\t\t\t\t\t<\/a>\n\t\t\t\t\t\t\t\t\t<\/li>\n\t\t\t\t\t\t<\/ul>\n\t\t\t\t\t\t<\/div>\n\t\t\t\t<\/div>\n\t\t\t\t<\/div>\n\t\t\t\t<\/div>\n\t\t<div class=\"elementor-element elementor-element-fb549bd animated-slow e-con-full e-flex e-con e-child\" data-id=\"fb549bd\" data-element_type=\"container\" data-e-type=\"container\" data-settings=\"{&quot;animation&quot;:&quot;none&quot;}\">\n\t\t\t\t<div class=\"elementor-element elementor-element-313c1fb elementor-widget elementor-widget-wpzoom-forms-widget-cpt\" data-id=\"313c1fb\" data-element_type=\"widget\" data-e-type=\"widget\" data-widget_type=\"wpzoom-forms-widget-cpt.default\">\n\t\t\t\t<div class=\"elementor-widget-container\">\n\t\t\t\t\t<style>#wpzf-9450 + .notice { margin-top: 20px; padding: 15px; border-radius: 4px; }#wpzf-9450 + .notice.success { background-color: #e7f7ed; color: #227045; border-left: 4px solid #46b450; }#wpzf-9450 + .notice.error { background-color: #fde8e8; color: #8a1f11; border-left: 4px solid #cc0000; }#wpzf-9450 + .notice p { margin: 0; }#wpzf-9450-notice { scroll-margin-top: 24px; }<\/style><!-- ZOOM Forms Start -->\n\t\t\t<form id=\"wpzf-9450\" method=\"post\" action=\"https:\/\/stelatoderascu.com\/wp-admin\/admin-post.php\" class=\"wpzoom-forms_form\" enctype=\"multipart\/form-data\">\n\t\t\t<input type=\"hidden\" name=\"action\" value=\"wpzf_submit\" \/>\n\t\t\t<input type=\"hidden\" name=\"form_id\" value=\"9450\" \/>\n\t\t\t<input type=\"hidden\" id=\"_wpnonce\" name=\"_wpnonce\" value=\"9583737eaa\" \/><input type=\"hidden\" name=\"_wp_http_referer\" value=\"\/en\/wp-json\/wp\/v2\/pages\/628\" \/>\n\t\t\t\n<div class=\"wp-block-wpzoom-forms-form\">\n<div class=\"wp-block-group is-layout-flow wp-block-group-is-layout-flow\">\n<div class=\"wp-block-columns is-layout-flex wp-container-core-columns-is-layout-28f84493 wp-block-columns-is-layout-flex\">\n<div class=\"wp-block-column is-layout-flow wp-block-column-is-layout-flow\" style=\"flex-basis:100%\">\n<label for=\"input_name\"><span>Name<\/span><sup class=\"wp-block-wpzoom-forms-required\">*<\/sup><\/label><input type=\"text\" name=\"wpzf_input_name\" id=\"input_name\" placeholder=\"\" required class=\"wp-block-wpzoom-forms-text-name-field\"\/>\n\n\n\n<label for=\"input_email\"><span>Email<\/span><sup class=\"wp-block-wpzoom-forms-required\">*<\/sup><\/label><input type=\"email\" name=\"wpzf_input_email\" id=\"input_email\" placeholder=\"\" required data-replyto=\"true\" class=\"wp-block-wpzoom-forms-text-email-field\"\/>\n\n\n\n<label for=\"input_subject\"><span>Subject<\/span><sup class=\"wp-block-wpzoom-forms-required\">*<\/sup><\/label><input type=\"text\" name=\"wpzf_input_subject\" id=\"input_subject\" placeholder=\"\" required data-subject=\"true\" class=\"wp-block-wpzoom-forms-text-plain-field\"\/>\n\n\n\n<label for=\"input_message\"><span>Message<\/span><sup class=\"wp-block-wpzoom-forms-required\">*<\/sup><\/label><textarea name=\"wpzf_input_message\" id=\"input_message\" cols=\"55\" rows=\"10\" placeholder=\"\" required class=\"wp-block-wpzoom-forms-textarea-field\"><\/textarea>\n<\/div>\n<\/div>\n\n\n\n<div class=\"wp-block-columns is-layout-flex wp-container-core-columns-is-layout-28f84493 wp-block-columns-is-layout-flex\">\n<div class=\"wp-block-column is-layout-flow wp-block-column-is-layout-flow\">\n<div class=\"wp-block-wpzoom-forms-gdpr-field has-x-small-font-size\" style=\"margin-top:var(--wp--preset--spacing--x-small);margin-bottom:var(--wp--preset--spacing--x-small)\"><div class=\"wpzoom-forms_gdpr-field\" style=\"display:flex;align-items:flex-start;gap:8px\"><input type=\"checkbox\" name=\"wpzf_input_3d4a52f1\" id=\"input_3d4a52f1\" required data-gdpr=\"true\"\/><label for=\"input_3d4a52f1\"><span>Sunt de acord cu prelucrarea datelor mele personale \u00een scopul solu\u021bion\u0103rii cererii transmise. <a href=\"https:\/\/stelatoderascu.com\/en\/politica-confidentialitate\/\" target=\"_blank\" rel=\"noopener noreferrer\">Politica de confiden\u021bialitate.<\/a><\/span><sup class=\"wp-block-wpzoom-forms-required\">*<\/sup><\/label><\/div><\/div>\n<\/div>\n<\/div>\n\n\n\n<div class=\"wp-block-columns is-layout-flex wp-container-core-columns-is-layout-28f84493 wp-block-columns-is-layout-flex\">\n<div class=\"wp-block-column is-layout-flow wp-block-column-is-layout-flow\" style=\"flex-basis:30%\">\n<input type=\"submit\" id=\"input_submit\" value=\"Send\" class=\"wp-block-wpzoom-forms-submit-field\"\/>\n<\/div>\n\n\n\n<div class=\"wp-block-column is-vertically-aligned-center is-layout-flow wp-block-column-is-layout-flow\" style=\"flex-basis:70%\">\n<p class=\"has-text-align-right\" style=\"font-size:clamp(14px, 0.875rem + ((1vw - 3.2px) * 0.208), 16px);px\">Fields marked with <strong class=\"has-accent-color has-text-color\">*<\/strong> are mandatory<\/p>\n<\/div>\n<\/div>\n<\/div>\n<\/div>\n\n\n\n<p><\/p>\n\n\t\t\t<input type=\"hidden\" name=\"wpzf_replyto\" value=\"wpzf_input_email\" \/><input type=\"hidden\" name=\"wpzf_subject\" value=\"wpzf_input_subject\" \/><\/form>\n\t\t\t\n\t\t\t<!-- ZOOM Forms End -->\t\t\t\t<\/div>\n\t\t\t\t<\/div>\n\t\t\t\t<\/div>\n\t\t\t\t<\/div>\n\t\t\t\t\t<\/div>\n\t\t\t\t<\/div>\n\t\t\t\t<\/div>","protected":false},"excerpt":{"rendered":"<p>Contact Hai s\u0103 vorbim Fie c\u0103 ai \u00eentreb\u0103ri despre serviciile mele de coaching, dore\u0219ti s\u0103 programezi o consulta\u021bie sau pur \u0219i simplu vrei s\u0103 lu\u0103m leg\u0103tura, sunt aici s\u0103 te ajut. Email coach@stelatoderascu.com Telefon +40755996164 Urm\u0103re\u0219te-m\u0103<\/p>","protected":false},"author":1,"featured_media":0,"parent":0,"menu_order":0,"comment_status":"closed","ping_status":"closed","template":"elementor_header_footer","meta":{"inspiro_page_layout":"narrow","inspiro_hide_title":false,"footnotes":""},"class_list":["post-628","page","type-page","status-publish","hentry"],"yoast_head":"<!-- This site is optimized with the Yoast SEO plugin v27.4 - https:\/\/yoast.com\/product\/yoast-seo-wordpress\/ -->\n<title>Contacteaz\u0103-m\u0103 - Stela Todera\u0219cu Coach PCC<\/title>\n<meta name=\"description\" content=\"Contacteaz\u0103-m\u0103 pentru \u00eentreb\u0103ri despre coaching, consulta\u021bii sau colabor\u0103ri. Email, telefon sau formular de contact online.\" \/>\n<meta name=\"robots\" content=\"index, follow, max-snippet:-1, max-image-preview:large, max-video-preview:-1\" \/>\n<link rel=\"canonical\" href=\"https:\/\/stelatoderascu.com\/en\/contact\/\" \/>\n<meta property=\"og:locale\" content=\"en_US\" \/>\n<meta property=\"og:type\" content=\"article\" \/>\n<meta property=\"og:title\" content=\"Contacteaz\u0103-m\u0103 - Stela Todera\u0219cu Coach PCC\" \/>\n<meta property=\"og:description\" content=\"Contacteaz\u0103-m\u0103 pentru \u00eentreb\u0103ri despre coaching, consulta\u021bii sau colabor\u0103ri. Email, telefon sau formular de contact online.\" \/>\n<meta property=\"og:url\" content=\"https:\/\/stelatoderascu.com\/en\/contact\/\" \/>\n<meta property=\"og:site_name\" content=\"Stela Todera\u0219cu\" \/>\n<meta property=\"article:modified_time\" content=\"2026-02-06T06:15:54+00:00\" \/>\n<meta name=\"twitter:card\" content=\"summary_large_image\" \/>\n<meta name=\"twitter:label1\" content=\"Est. reading time\" \/>\n\t<meta name=\"twitter:data1\" content=\"1 minute\" \/>\n<script type=\"application\/ld+json\" class=\"yoast-schema-graph\">{\"@context\":\"https:\\\/\\\/schema.org\",\"@graph\":[{\"@type\":\"WebPage\",\"@id\":\"https:\\\/\\\/stelatoderascu.com\\\/contact\\\/\",\"url\":\"https:\\\/\\\/stelatoderascu.com\\\/contact\\\/\",\"name\":\"Contacteaz\u0103-m\u0103 - Stela Todera\u0219cu Coach PCC\",\"isPartOf\":{\"@id\":\"https:\\\/\\\/stelatoderascu.com\\\/#website\"},\"datePublished\":\"2026-01-11T09:43:24+00:00\",\"dateModified\":\"2026-02-06T06:15:54+00:00\",\"description\":\"Contacteaz\u0103-m\u0103 pentru \u00eentreb\u0103ri despre coaching, consulta\u021bii sau colabor\u0103ri. Email, telefon sau formular de contact online.\",\"breadcrumb\":{\"@id\":\"https:\\\/\\\/stelatoderascu.com\\\/contact\\\/#breadcrumb\"},\"inLanguage\":\"en-US\",\"potentialAction\":[{\"@type\":\"ReadAction\",\"target\":[\"https:\\\/\\\/stelatoderascu.com\\\/contact\\\/\"]}]},{\"@type\":\"BreadcrumbList\",\"@id\":\"https:\\\/\\\/stelatoderascu.com\\\/contact\\\/#breadcrumb\",\"itemListElement\":[{\"@type\":\"ListItem\",\"position\":1,\"name\":\"Home\",\"item\":\"https:\\\/\\\/stelatoderascu.com\\\/\"},{\"@type\":\"ListItem\",\"position\":2,\"name\":\"Contact\"}]},{\"@type\":\"WebSite\",\"@id\":\"https:\\\/\\\/stelatoderascu.com\\\/#website\",\"url\":\"https:\\\/\\\/stelatoderascu.com\\\/\",\"name\":\"Stela Toderascu\",\"description\":\"D\u0103 spa\u021biu poten\u021bialului t\u0103u!\",\"publisher\":{\"@id\":\"https:\\\/\\\/stelatoderascu.com\\\/#\\\/schema\\\/person\\\/49156dfdc9bc3b8ae1db7addfec1904a\"},\"potentialAction\":[{\"@type\":\"SearchAction\",\"target\":{\"@type\":\"EntryPoint\",\"urlTemplate\":\"https:\\\/\\\/stelatoderascu.com\\\/?s={search_term_string}\"},\"query-input\":{\"@type\":\"PropertyValueSpecification\",\"valueRequired\":true,\"valueName\":\"search_term_string\"}}],\"inLanguage\":\"en-US\"},{\"@type\":[\"Person\",\"Organization\"],\"@id\":\"https:\\\/\\\/stelatoderascu.com\\\/#\\\/schema\\\/person\\\/49156dfdc9bc3b8ae1db7addfec1904a\",\"name\":\"Stela Toderascu\",\"image\":{\"@type\":\"ImageObject\",\"inLanguage\":\"en-US\",\"@id\":\"https:\\\/\\\/stelatoderascu.com\\\/wp-content\\\/uploads\\\/2026\\\/01\\\/logo.png\",\"url\":\"https:\\\/\\\/stelatoderascu.com\\\/wp-content\\\/uploads\\\/2026\\\/01\\\/logo.png\",\"contentUrl\":\"https:\\\/\\\/stelatoderascu.com\\\/wp-content\\\/uploads\\\/2026\\\/01\\\/logo.png\",\"width\":328,\"height\":142,\"caption\":\"Stela Toderascu\"},\"logo\":{\"@id\":\"https:\\\/\\\/stelatoderascu.com\\\/wp-content\\\/uploads\\\/2026\\\/01\\\/logo.png\"},\"description\":\"Sunt partenerul t\u0103u \u00een transformare \u0219i cre\u0219tere a performan\u021bei individuale sau de echip\u0103. Sunt Professional Certified Coach, certificat de c\u0103tre Federa\u021bia Interna\u021bional\u0103 de Coaching, Team Coach \u0219i Facilitator, \u00eens\u0103, \u00eenainte de orice titulatur\u0103, v\u0103d dincolo de cifre \u0219i strategii. Cred cu t\u0103rie \u00een poten\u021bialul nelimitat pe care fiecare persoan\u0103 \u0219i fiecare echip\u0103 \u00eel de\u021bin, uneori chiar \u00eenainte ca ace\u0219tia s\u0103-l descopere.\"}]}<\/script>\n<!-- \/ Yoast SEO plugin. -->","yoast_head_json":{"title":"Contacteaz\u0103-m\u0103 - Stela Todera\u0219cu Coach PCC","description":"Contacteaz\u0103-m\u0103 pentru \u00eentreb\u0103ri despre coaching, consulta\u021bii sau colabor\u0103ri. Email, telefon sau formular de contact online.","robots":{"index":"index","follow":"follow","max-snippet":"max-snippet:-1","max-image-preview":"max-image-preview:large","max-video-preview":"max-video-preview:-1"},"canonical":"https:\/\/stelatoderascu.com\/en\/contact\/","og_locale":"en_US","og_type":"article","og_title":"Contacteaz\u0103-m\u0103 - Stela Todera\u0219cu Coach PCC","og_description":"Contacteaz\u0103-m\u0103 pentru \u00eentreb\u0103ri despre coaching, consulta\u021bii sau colabor\u0103ri. Email, telefon sau formular de contact online.","og_url":"https:\/\/stelatoderascu.com\/en\/contact\/","og_site_name":"Stela Todera\u0219cu","article_modified_time":"2026-02-06T06:15:54+00:00","twitter_card":"summary_large_image","twitter_misc":{"Est. reading time":"1 minute"},"schema":{"@context":"https:\/\/schema.org","@graph":[{"@type":"WebPage","@id":"https:\/\/stelatoderascu.com\/contact\/","url":"https:\/\/stelatoderascu.com\/contact\/","name":"Contacteaz\u0103-m\u0103 - Stela Todera\u0219cu Coach PCC","isPartOf":{"@id":"https:\/\/stelatoderascu.com\/#website"},"datePublished":"2026-01-11T09:43:24+00:00","dateModified":"2026-02-06T06:15:54+00:00","description":"Contacteaz\u0103-m\u0103 pentru \u00eentreb\u0103ri despre coaching, consulta\u021bii sau colabor\u0103ri. Email, telefon sau formular de contact online.","breadcrumb":{"@id":"https:\/\/stelatoderascu.com\/contact\/#breadcrumb"},"inLanguage":"en-US","potentialAction":[{"@type":"ReadAction","target":["https:\/\/stelatoderascu.com\/contact\/"]}]},{"@type":"BreadcrumbList","@id":"https:\/\/stelatoderascu.com\/contact\/#breadcrumb","itemListElement":[{"@type":"ListItem","position":1,"name":"Home","item":"https:\/\/stelatoderascu.com\/"},{"@type":"ListItem","position":2,"name":"Contact"}]},{"@type":"WebSite","@id":"https:\/\/stelatoderascu.com\/#website","url":"https:\/\/stelatoderascu.com\/","name":"Stela Toderascu","description":"Give Space to Your Potential!","publisher":{"@id":"https:\/\/stelatoderascu.com\/#\/schema\/person\/49156dfdc9bc3b8ae1db7addfec1904a"},"potentialAction":[{"@type":"SearchAction","target":{"@type":"EntryPoint","urlTemplate":"https:\/\/stelatoderascu.com\/?s={search_term_string}"},"query-input":{"@type":"PropertyValueSpecification","valueRequired":true,"valueName":"search_term_string"}}],"inLanguage":"en-US"},{"@type":["Person","Organization"],"@id":"https:\/\/stelatoderascu.com\/#\/schema\/person\/49156dfdc9bc3b8ae1db7addfec1904a","name":"Stela Toderascu","image":{"@type":"ImageObject","inLanguage":"en-US","@id":"https:\/\/stelatoderascu.com\/wp-content\/uploads\/2026\/01\/logo.png","url":"https:\/\/stelatoderascu.com\/wp-content\/uploads\/2026\/01\/logo.png","contentUrl":"https:\/\/stelatoderascu.com\/wp-content\/uploads\/2026\/01\/logo.png","width":328,"height":142,"caption":"Stela Toderascu"},"logo":{"@id":"https:\/\/stelatoderascu.com\/wp-content\/uploads\/2026\/01\/logo.png"},"description":"Sunt partenerul t\u0103u \u00een transformare \u0219i cre\u0219tere a performan\u021bei individuale sau de echip\u0103. Sunt Professional Certified Coach, certificat de c\u0103tre Federa\u021bia Interna\u021bional\u0103 de Coaching, Team Coach \u0219i Facilitator, \u00eens\u0103, \u00eenainte de orice titulatur\u0103, v\u0103d dincolo de cifre \u0219i strategii. Cred cu t\u0103rie \u00een poten\u021bialul nelimitat pe care fiecare persoan\u0103 \u0219i fiecare echip\u0103 \u00eel de\u021bin, uneori chiar \u00eenainte ca ace\u0219tia s\u0103-l descopere."}]}},"_links":{"self":[{"href":"https:\/\/stelatoderascu.com\/en\/wp-json\/wp\/v2\/pages\/628","targetHints":{"allow":["GET"]}}],"collection":[{"href":"https:\/\/stelatoderascu.com\/en\/wp-json\/wp\/v2\/pages"}],"about":[{"href":"https:\/\/stelatoderascu.com\/en\/wp-json\/wp\/v2\/types\/page"}],"author":[{"embeddable":true,"href":"https:\/\/stelatoderascu.com\/en\/wp-json\/wp\/v2\/users\/1"}],"replies":[{"embeddable":true,"href":"https:\/\/stelatoderascu.com\/en\/wp-json\/wp\/v2\/comments?post=628"}],"version-history":[{"count":43,"href":"https:\/\/stelatoderascu.com\/en\/wp-json\/wp\/v2\/pages\/628\/revisions"}],"predecessor-version":[{"id":11415,"href":"https:\/\/stelatoderascu.com\/en\/wp-json\/wp\/v2\/pages\/628\/revisions\/11415"}],"wp:attachment":[{"href":"https:\/\/stelatoderascu.com\/en\/wp-json\/wp\/v2\/media?parent=628"}],"curies":[{"name":"wp","href":"https:\/\/api.w.org\/{rel}","templated":true}]}}